{"id":9,"date":"2020-03-19T16:38:50","date_gmt":"2020-03-19T15:38:50","guid":{"rendered":"http:\/\/oceane-tarate.fr\/mate-stamina\/?page_id=9"},"modified":"2020-10-22T13:28:12","modified_gmt":"2020-10-22T11:28:12","slug":"stamina-le-nouveau-mate","status":"publish","type":"page","link":"http:\/\/oceane-tarate.fr\/mate-stamina\/","title":{"rendered":"Le mat\u00e9"},"content":{"rendered":"\n<div class=\"wp-block-cover alignfull has-background-dim-30 has-background-dim\" style=\"background-image:url(http:\/\/oceane-tarate.fr\/mate-stamina\/wp-content\/uploads\/2020\/03\/bandeau-1.jpg);background-color:#e53117\"><div class=\"wp-block-cover__inner-container\"><h2 class=\"fonts-plugin-block font-family: 'Economica', sans-serif;\" style=\"font-family: Rosario;font-weight: 700;font-size: 38px;text-align: center;color: #eeeeee\">Un produit authentique<br>aux r\u00e9elles vertus \u00e9nergisantes<\/h2><\/div><\/div>\n\n\n\n<div class=\"wp-block-group alignwide\"><div class=\"wp-block-group__inner-container\"><h3 class=\"fonts-plugin-block \" style=\"font-family: Rosario;font-size: 30px;text-align: center\">Le mat\u00e9 qu&rsquo;est-ce que c&rsquo;est&nbsp;?<\/h3>\n\n\n<div class=\"wp-block-image\"><figure class=\"aligncenter size-large\"><img loading=\"lazy\" width=\"331\" height=\"27\" src=\"http:\/\/oceane-tarate.fr\/mate-stamina\/wp-content\/uploads\/2020\/03\/separateur-1.png\" alt=\"\" class=\"wp-image-122\" srcset=\"http:\/\/oceane-tarate.fr\/mate-stamina\/wp-content\/uploads\/2020\/03\/separateur-1.png 331w, http:\/\/oceane-tarate.fr\/mate-stamina\/wp-content\/uploads\/2020\/03\/separateur-1-300x24.png 300w\" sizes=\"(max-width: 331px) 100vw, 331px\" \/><\/figure><\/div>\n<\/div><\/div>\n\n\n\n<div class=\"wp-block-columns alignwide wpf-presentation\">\n<div class=\"wp-block-column is-vertically-aligned-center\">\n<figure class=\"wp-block-gallery aligncenter columns-2 is-cropped\"><ul class=\"blocks-gallery-grid\"><li class=\"blocks-gallery-item\"><figure><img loading=\"lazy\" width=\"281\" height=\"270\" src=\"http:\/\/oceane-tarate.fr\/mate-stamina\/wp-content\/uploads\/2020\/06\/champs-export1.jpg\" alt=\"Plantation de yerba mat\u00e9\" data-id=\"213\" data-full-url=\"http:\/\/oceane-tarate.fr\/mate-stamina\/wp-content\/uploads\/2020\/06\/champs-export1.jpg\" data-link=\"http:\/\/oceane-tarate.fr\/mate-stamina\/le-nouveau-e-mucem-ouvre-ses-portes-2\/champs-export1\/\" class=\"wp-image-213\"\/><\/figure><\/li><li class=\"blocks-gallery-item\"><figure><img loading=\"lazy\" width=\"281\" height=\"270\" src=\"http:\/\/oceane-tarate.fr\/mate-stamina\/wp-content\/uploads\/2020\/06\/recolte-export2.jpg\" alt=\"r\u00e9colte de yerba mat\u00e9\" data-id=\"206\" data-full-url=\"http:\/\/oceane-tarate.fr\/mate-stamina\/wp-content\/uploads\/2020\/06\/recolte-export2.jpg\" data-link=\"http:\/\/oceane-tarate.fr\/mate-stamina\/le-nouveau-e-mucem-ouvre-ses-portes-2\/recolte-export2\/\" class=\"wp-image-206\"\/><\/figure><\/li><\/ul><\/figure>\n<\/div>\n\n\n\n<div class=\"wp-block-column is-vertically-aligned-center\"><p class=\"fonts-plugin-block \" style=\"font-family: Rosario;font-size: 18px;line-height: 1.4\">Le mat\u00e9 est un produit originaire d&rsquo;Am\u00e9rique du sud et notamment d&rsquo;Argentine.<\/p>\n\n<p class=\"fonts-plugin-block \" style=\"font-family: Rosario;font-size: 18px;line-height: 1.4\">Son vrai nom est \u00ab&nbsp;Yerba mat\u00e9&nbsp;\u00bb.<br>Il  ne provient pas du th\u00e9ier mais d\u2019une plante de la famille du houx qui ne  pousse qu\u2019en Am\u00e9rique du Sud&nbsp;: dans le nord-est de l\u2019Argentine, le  Paraguay et le sud du Br\u00e9sil notamment. <\/p>\n\n<p class=\"fonts-plugin-block wpf-p-ameridiens\" style=\"font-family: Rosario;font-size: 18px;line-height: 1.4\">Il \u00e9tait d\u00e9j\u00e0 consomm\u00e9 par les am\u00e9rindiens.<br>Apr\u00e8s la r\u00e9colte, les feuilles sont s\u00e9ch\u00e9es puis moulues. <\/p><\/div>\n<\/div>\n\n\n\n<div class=\"wp-block-group alignwide\"><div class=\"wp-block-group__inner-container\"><h3 class=\"fonts-plugin-block \" style=\"font-family: Rosario;font-size: 30px;text-align: center\">Quels sont les bienfaits du mat\u00e9&nbsp;?<\/h3>\n\n\n<div class=\"wp-block-image\"><figure class=\"aligncenter size-large\"><img loading=\"lazy\" width=\"331\" height=\"27\" src=\"http:\/\/oceane-tarate.fr\/mate-stamina\/wp-content\/uploads\/2020\/03\/separateur-1.png\" alt=\"\" class=\"wp-image-122\" srcset=\"http:\/\/oceane-tarate.fr\/mate-stamina\/wp-content\/uploads\/2020\/03\/separateur-1.png 331w, http:\/\/oceane-tarate.fr\/mate-stamina\/wp-content\/uploads\/2020\/03\/separateur-1-300x24.png 300w\" sizes=\"(max-width: 331px) 100vw, 331px\" \/><\/figure><\/div>\n\n\n\n<div class=\"wp-block-columns alignwide wpf-bienfaits\">\n<div class=\"wp-block-column\"><h5 class=\"fonts-plugin-block \" style=\"font-family: Rosario;font-size: 18px\">Riche en antioxydants<\/h5>\n\n<p class=\"fonts-plugin-block \" style=\"font-family: Rosario;font-size: 18px;line-height: 1.4\">Les feuilles de mat\u00e9 sont riches en polyph\u00e9nols qui renforcent les d\u00e9fenses naturelles de l\u2019organisme, luttent contre le vieillissement cellulaire et prot\u00e8ge notre syst\u00e8me cardiovasculaire.<\/p><\/div>\n\n\n\n<div class=\"wp-block-column\"><h5 class=\"fonts-plugin-block \" style=\"font-family: Rosario;font-size: 18px\">Booste l\u2019activit\u00e9 c\u00e9r\u00e9brale<\/h5>\n\n<p class=\"fonts-plugin-block \" style=\"font-family: Rosario;font-size: 18px;line-height: 1.4\">La particularit\u00e9 du mat\u00e9 est de contenir un m\u00e9lange de 3 xanthines. Sa consommation de permet donc d&rsquo;accroitre sa vigilance et de lutter contre l&rsquo;endormissement.<\/p><\/div>\n\n\n\n<div class=\"wp-block-column\"><h5 class=\"fonts-plugin-block \" style=\"font-family: Rosario;font-size: 18px\">Di\u00e9t\u00e9tique<\/h5>\n\n<p class=\"fonts-plugin-block \" style=\"font-family: Rosario;font-size: 18px;line-height: 1.4\">Cette herbe est id\u00e9ale dans un r\u00e9gime pour maigrir car elle contribue \u00e0 r\u00e9duire les niveaux de triglyc\u00e9rides ainsi que le mauvais cholest\u00e9rol.<\/p><\/div>\n<\/div>\n<\/div><\/div>\n\n\n<h3 class=\"fonts-plugin-block h3 { text-transform: uppercase; }\" style=\"font-family: Rosario;font-size: 30px;text-align: center\">D\u00e9couvrez notre mat\u00e9 d&rsquo;exception<\/h3>\n\n\n<div class=\"wp-block-image\"><figure class=\"aligncenter size-large\"><img loading=\"lazy\" width=\"331\" height=\"27\" src=\"http:\/\/oceane-tarate.fr\/mate-stamina\/wp-content\/uploads\/2020\/03\/separateur-1.png\" alt=\"\" class=\"wp-image-122\" srcset=\"http:\/\/oceane-tarate.fr\/mate-stamina\/wp-content\/uploads\/2020\/03\/separateur-1.png 331w, http:\/\/oceane-tarate.fr\/mate-stamina\/wp-content\/uploads\/2020\/03\/separateur-1-300x24.png 300w\" sizes=\"(max-width: 331px) 100vw, 331px\" \/><\/figure><\/div>\n\n\n\n<div class=\"wp-block-columns alignwide wpf-exception\">\n<div class=\"wp-block-column is-vertically-aligned-center\" style=\"flex-basis:64%\">\n<figure class=\"wp-block-image size-large\"><a href=\"https:\/\/www.yerba-mate.fr\/merchant\/category\/lots-yerba-mate\" target=\"_blank\" rel=\"noopener noreferrer\"><img loading=\"lazy\" width=\"1024\" height=\"768\" src=\"http:\/\/oceane-tarate.fr\/mate-stamina\/wp-content\/uploads\/2020\/10\/paquets-stamina-1024x768.jpg\" alt=\"\" class=\"wp-image-663\" srcset=\"http:\/\/oceane-tarate.fr\/mate-stamina\/wp-content\/uploads\/2020\/10\/paquets-stamina-1024x768.jpg 1024w, http:\/\/oceane-tarate.fr\/mate-stamina\/wp-content\/uploads\/2020\/10\/paquets-stamina-300x225.jpg 300w, http:\/\/oceane-tarate.fr\/mate-stamina\/wp-content\/uploads\/2020\/10\/paquets-stamina-768x576.jpg 768w, http:\/\/oceane-tarate.fr\/mate-stamina\/wp-content\/uploads\/2020\/10\/paquets-stamina-1536x1152.jpg 1536w, http:\/\/oceane-tarate.fr\/mate-stamina\/wp-content\/uploads\/2020\/10\/paquets-stamina-2048x1536.jpg 2048w\" sizes=\"(max-width: 1024px) 100vw, 1024px\" \/><\/a><\/figure>\n<\/div>\n\n\n\n<div class=\"wp-block-column is-vertically-aligned-center\" style=\"flex-basis:36%\">\n<div class=\"wp-block-image\"><figure class=\"aligncenter size-full is-resized\"><a href=\"https:\/\/www.yerba-mate.fr\/merchant\/category\/yerba-mate-bio\" target=\"_blank\" rel=\"noopener noreferrer\"><img loading=\"lazy\" src=\"http:\/\/oceane-tarate.fr\/mate-stamina\/wp-content\/uploads\/2020\/03\/mat\u00e9_logo_final.png\" alt=\"\" class=\"wp-image-73\" width=\"260\" height=\"135\" srcset=\"http:\/\/oceane-tarate.fr\/mate-stamina\/wp-content\/uploads\/2020\/03\/mat\u00e9_logo_final.png 302w, http:\/\/oceane-tarate.fr\/mate-stamina\/wp-content\/uploads\/2020\/03\/mat\u00e9_logo_final-300x156.png 300w\" sizes=\"(max-width: 260px) 100vw, 260px\" \/><\/a><\/figure><\/div>\n\n\n<p class=\"fonts-plugin-block \" style=\"font-family: Rosario;font-size: 18px;line-height: 1.4;text-align: left\">Notre yerba mat\u00e9 est produite en Argentine selon la tradition familiale et les principes d\u2019exigences d\u2019une agriculture durable. Gr\u00e2ce \u00e0 son s\u00e9chage unique on obtient un mat\u00e9 sans fum\u00e9e, avec un go\u00fbt tr\u00e8s doux et un ar\u00f4me agr\u00e9able. Notre yerba mat\u00e9 est un produit 100% naturel, sans pesticide ni herbicide.<\/p>\n\n\n<div class=\"wp-block-button aligncenter wpf-bouton\"><a class=\"wp-block-button__link has-text-color\" href=\"https:\/\/www.yerba-mate.fr\/merchant\/category\/yerba-mate-bio\" style=\"border-radius:15px;color:#ffffff\" target=\"_blank\" rel=\"noreferrer noopener\">commandez<\/a><\/div>\n<\/div>\n<\/div>\n\n\n<h3 class=\"fonts-plugin-block \" style=\"font-family: Rosario;font-size: 30px;text-align: center\">Les 3 \u00e9l\u00e9ments indispensables pour boire le mat\u00e9<\/h3>\n\n\n<div class=\"wp-block-image\"><figure class=\"aligncenter size-large\"><img loading=\"lazy\" width=\"331\" height=\"27\" src=\"http:\/\/oceane-tarate.fr\/mate-stamina\/wp-content\/uploads\/2020\/03\/separateur-1.png\" alt=\"\" class=\"wp-image-122\" srcset=\"http:\/\/oceane-tarate.fr\/mate-stamina\/wp-content\/uploads\/2020\/03\/separateur-1.png 331w, http:\/\/oceane-tarate.fr\/mate-stamina\/wp-content\/uploads\/2020\/03\/separateur-1-300x24.png 300w\" sizes=\"(max-width: 331px) 100vw, 331px\" \/><\/figure><\/div>\n\n\n\n<div class=\"wp-block-group alignwide wpf-packs\"><div class=\"wp-block-group__inner-container\">\n<div class=\"wp-block-group alignwide wpf-indispensables\"><div class=\"wp-block-group__inner-container\">\n<div class=\"wp-block-group alignwide\"><div class=\"wp-block-group__inner-container\">\n<figure class=\"wp-block-gallery columns-3\"><ul class=\"blocks-gallery-grid\"><li class=\"blocks-gallery-item\"><figure><img loading=\"lazy\" width=\"383\" height=\"277\" src=\"http:\/\/oceane-tarate.fr\/mate-stamina\/wp-content\/uploads\/2020\/06\/mate-export4.jpg\" alt=\"feuilles de yerba mat\u00e9\" data-id=\"203\" data-full-url=\"http:\/\/oceane-tarate.fr\/mate-stamina\/wp-content\/uploads\/2020\/06\/mate-export4.jpg\" data-link=\"http:\/\/oceane-tarate.fr\/mate-stamina\/le-nouveau-e-mucem-ouvre-ses-portes-2\/mate-export4\/\" class=\"wp-image-203\" srcset=\"http:\/\/oceane-tarate.fr\/mate-stamina\/wp-content\/uploads\/2020\/06\/mate-export4.jpg 383w, http:\/\/oceane-tarate.fr\/mate-stamina\/wp-content\/uploads\/2020\/06\/mate-export4-300x217.jpg 300w\" sizes=\"(max-width: 383px) 100vw, 383px\" \/><\/figure><\/li><li class=\"blocks-gallery-item\"><figure><img loading=\"lazy\" width=\"383\" height=\"277\" src=\"http:\/\/oceane-tarate.fr\/mate-stamina\/wp-content\/uploads\/2020\/06\/calebasse-export.jpg\" alt=\"calebasse remplie de mat\u00e9 fumant\" data-id=\"194\" data-full-url=\"http:\/\/oceane-tarate.fr\/mate-stamina\/wp-content\/uploads\/2020\/06\/calebasse-export.jpg\" data-link=\"http:\/\/oceane-tarate.fr\/mate-stamina\/le-nouveau-e-mucem-ouvre-ses-portes-2\/calebasse-export\/\" class=\"wp-image-194\" srcset=\"http:\/\/oceane-tarate.fr\/mate-stamina\/wp-content\/uploads\/2020\/06\/calebasse-export.jpg 383w, http:\/\/oceane-tarate.fr\/mate-stamina\/wp-content\/uploads\/2020\/06\/calebasse-export-300x217.jpg 300w\" sizes=\"(max-width: 383px) 100vw, 383px\" \/><\/figure><\/li><li class=\"blocks-gallery-item\"><figure><img loading=\"lazy\" width=\"383\" height=\"277\" src=\"http:\/\/oceane-tarate.fr\/mate-stamina\/wp-content\/uploads\/2020\/06\/bombilla-export.jpg\" alt=\"bombilla\" data-id=\"195\" data-full-url=\"http:\/\/oceane-tarate.fr\/mate-stamina\/wp-content\/uploads\/2020\/06\/bombilla-export.jpg\" data-link=\"http:\/\/oceane-tarate.fr\/mate-stamina\/le-nouveau-e-mucem-ouvre-ses-portes-2\/bombilla-export\/\" class=\"wp-image-195\" srcset=\"http:\/\/oceane-tarate.fr\/mate-stamina\/wp-content\/uploads\/2020\/06\/bombilla-export.jpg 383w, http:\/\/oceane-tarate.fr\/mate-stamina\/wp-content\/uploads\/2020\/06\/bombilla-export-300x217.jpg 300w\" sizes=\"(max-width: 383px) 100vw, 383px\" \/><\/figure><\/li><\/ul><\/figure>\n<\/div><\/div>\n\n\n\n<div class=\"wp-block-columns alignwide\">\n<div class=\"wp-block-column\"><p class=\"fonts-plugin-block \" style=\"font-family: Rosario;font-size: 18px;line-height: 1.4;text-align: center\">La yerba mat\u00e9<\/p><\/div>\n\n\n\n<div class=\"wp-block-column\"><p class=\"fonts-plugin-block \" style=\"font-family: Rosario;font-size: 18px;line-height: 1.4;text-align: center\">La calebasse<\/p><\/div>\n\n\n\n<div class=\"wp-block-column\"><p class=\"fonts-plugin-block \" style=\"font-family: Rosario;font-size: 18px;line-height: 1.4;text-align: center\">La bombilla<\/p><\/div>\n<\/div>\n<\/div><\/div>\n\n\n\n<div class=\"wp-block-button aligncenter wpf-bouton\"><a class=\"wp-block-button__link\" href=\"https:\/\/www.yerba-mate.fr\/merchant\/category\/pack-decouverte-mate\" style=\"border-radius:15px\" target=\"_blank\" rel=\"noreferrer noopener\">d\u00e9couvrez nos packs<\/a><\/div>\n<\/div><\/div>\n\n\n\n<div class=\"wp-block-image .wpf-feuilles-droite\"><figure class=\"alignright size-full is-resized\"><img loading=\"lazy\" src=\"http:\/\/oceane-tarate.fr\/mate-stamina\/wp-content\/uploads\/2020\/06\/feuilles-blanches.png\" alt=\"\" class=\"wp-image-302\" width=\"573\" height=\"516\" srcset=\"http:\/\/oceane-tarate.fr\/mate-stamina\/wp-content\/uploads\/2020\/06\/feuilles-blanches.png 1146w, http:\/\/oceane-tarate.fr\/mate-stamina\/wp-content\/uploads\/2020\/06\/feuilles-blanches-300x270.png 300w, http:\/\/oceane-tarate.fr\/mate-stamina\/wp-content\/uploads\/2020\/06\/feuilles-blanches-1024x921.png 1024w, http:\/\/oceane-tarate.fr\/mate-stamina\/wp-content\/uploads\/2020\/06\/feuilles-blanches-768x691.png 768w\" sizes=\"(max-width: 573px) 100vw, 573px\" \/><\/figure><\/div>\n\n\n\n<div class=\"wp-block-group alignfull wpf-preparation has-very-light-gray-color has-text-color has-background\" style=\"background-color:#579432\"><div class=\"wp-block-group__inner-container\"><h3 class=\"fonts-plugin-block \" style=\"font-family: Rosario;font-size: 30px;text-align: center;color: #eeeeee\">Comment pr\u00e9parer un bon mat\u00e9&nbsp;?<\/h3>\n\n\n<div class=\"wp-block-image\"><figure class=\"aligncenter size-large\"><img src=\"http:\/\/oceane-tarate.fr\/mate-stamina\/wp-content\/uploads\/2020\/06\/separateur-blc.png\" alt=\"\" class=\"wp-image-292\"\/><\/figure><\/div>\n\n\n\n<div class=\"wp-block-group wpf-preparation-soustitre\"><div class=\"wp-block-group__inner-container\"><p class=\"fonts-plugin-block wpf-preparation-soustitre\" style=\"font-family: Rosario;font-size: 24px;line-height: 1.5;text-align: center;color: #eeeeee\">Le nom de mat\u00e9 d\u00e9signe en fait le r\u00e9cipient,<br>en forme de calebasse, dans lequel il est pr\u00e9par\u00e9.<\/p><\/div><\/div>\n\n\n\n<div class=\"wp-block-group wpf-preparation-txt1\"><div class=\"wp-block-group__inner-container\"><p class=\"fonts-plugin-block wpf-preparation-txt\" style=\"font-family: Rosario;font-size: 18px;line-height: 1.4;text-align: center;color: #ffffff\">Remplir un r\u00e9cipient \u00ab&nbsp;pot \u00e0 mat\u00e9&nbsp;\u00bb<br>aux \u00be, ins\u00e9rer la pipette \u00ab&nbsp;bombilla&nbsp;\u00bb.<\/p><\/div><\/div>\n\n\n\n<div class=\"wp-block-group wpf-preparation-txt2\"><div class=\"wp-block-group__inner-container\"><p class=\"fonts-plugin-block wpf-preparation-txt\" style=\"font-family: Rosario;font-size: 18px;line-height: 1.4;text-align: center;color: #eeeeee\">Faire chauffer l\u2019eau sans la faire bouillir (entre 70\u00b0 et 80\u00b0 C)<br>pour qu\u2019elle pr\u00e9serve les ar\u00f4mes lors de l\u2019infusion.<\/p><\/div><\/div>\n\n\n\n<div class=\"wp-block-group wpf-preparation-txt3\"><div class=\"wp-block-group__inner-container\"><p class=\"fonts-plugin-block wpf-preparation-txt\" style=\"font-family: Rosario;font-size: 18px;line-height: 1.4;text-align: center;color: #eeeeee\">En attendant que l\u2019eau soit \u00e0 bonne temp\u00e9rature,<br>impr\u00e9gner l\u00e9g\u00e8rement le mat\u00e9 d\u2019eau froide<br>ou ti\u00e8de pendant quelques minutes.<\/p><\/div><\/div>\n\n\n\n<div class=\"wp-block-image .wpf-feuilles-gauche\"><figure class=\"alignleft size-full is-resized\"><img loading=\"lazy\" src=\"http:\/\/oceane-tarate.fr\/mate-stamina\/wp-content\/uploads\/2020\/06\/feuilles-blanches.png\" alt=\"\" class=\"wp-image-302\" width=\"573\" height=\"516\" srcset=\"http:\/\/oceane-tarate.fr\/mate-stamina\/wp-content\/uploads\/2020\/06\/feuilles-blanches.png 1146w, http:\/\/oceane-tarate.fr\/mate-stamina\/wp-content\/uploads\/2020\/06\/feuilles-blanches-300x270.png 300w, http:\/\/oceane-tarate.fr\/mate-stamina\/wp-content\/uploads\/2020\/06\/feuilles-blanches-1024x921.png 1024w, http:\/\/oceane-tarate.fr\/mate-stamina\/wp-content\/uploads\/2020\/06\/feuilles-blanches-768x691.png 768w\" sizes=\"(max-width: 573px) 100vw, 573px\" \/><\/figure><\/div>\n\n\n\n<div class=\"wp-block-group wpf-preparation-txt4\"><div class=\"wp-block-group__inner-container\"><p class=\"fonts-plugin-block \" style=\"font-family: Rosario;font-size: 18px;line-height: 1.4;text-align: center;color: #eeeeee\">Verser l\u2019eau chaude autour de la pipette<br>pour que l\u2019eau mouille progressivement le mat\u00e9.<\/p><\/div><\/div>\n<\/div><\/div>\n\n\n\n<div class=\"wp-block-image is-style-circle-mask is-style-rounded\"><figure class=\"aligncenter size-full\"><img loading=\"lazy\" width=\"311\" height=\"309\" src=\"http:\/\/oceane-tarate.fr\/mate-stamina\/wp-content\/uploads\/2020\/06\/feuille-cercle.jpg\" alt=\"feuille de mat\u00e9\" class=\"wp-image-178\" srcset=\"http:\/\/oceane-tarate.fr\/mate-stamina\/wp-content\/uploads\/2020\/06\/feuille-cercle.jpg 311w, http:\/\/oceane-tarate.fr\/mate-stamina\/wp-content\/uploads\/2020\/06\/feuille-cercle-300x298.jpg 300w, http:\/\/oceane-tarate.fr\/mate-stamina\/wp-content\/uploads\/2020\/06\/feuille-cercle-150x150.jpg 150w\" sizes=\"(max-width: 311px) 100vw, 311px\" \/><\/figure><\/div>\n\n\n\n<p><\/p>\n","protected":false},"excerpt":{"rendered":"","protected":false},"author":1,"featured_media":0,"parent":0,"menu_order":0,"comment_status":"closed","ping_status":"closed","template":"","meta":{"_uag_custom_page_level_css":""},"uagb_featured_image_src":{"full":false,"thumbnail":false,"medium":false,"medium_large":false,"large":false,"1536x1536":false,"2048x2048":false},"uagb_author_info":{"display_name":"oceane","author_link":"http:\/\/oceane-tarate.fr\/mate-stamina\/author\/oceane\/"},"uagb_comment_info":0,"uagb_excerpt":null,"yoast_head":"<!-- This site is optimized with the Yoast SEO plugin v15.9.2 - https:\/\/yoast.com\/wordpress\/plugins\/seo\/ -->\n<title>Nouveau ! Le mat\u00e9 Stamina arrive dans les rayons de votre magasin.<\/title>\n<meta name=\"description\" content=\"Le mat\u00e9 est un produit originaire d&#039;Am\u00e9rique du sud et notamment d&#039;Argentine. Il provient d\u2019une plante de la famille du houx.\" \/>\n<meta name=\"robots\" content=\"index, follow, max-snippet:-1, max-image-preview:large, max-video-preview:-1\" \/>\n<link rel=\"canonical\" href=\"http:\/\/oceane-tarate.fr\/mate-stamina\/\" \/>\n<meta property=\"og:locale\" content=\"fr_FR\" \/>\n<meta property=\"og:type\" content=\"article\" \/>\n<meta property=\"og:title\" content=\"Nouveau ! Le mat\u00e9 Stamina arrive dans les rayons de votre magasin.\" \/>\n<meta property=\"og:description\" content=\"Le mat\u00e9 est un produit originaire d&#039;Am\u00e9rique du sud et notamment d&#039;Argentine. Il provient d\u2019une plante de la famille du houx.\" \/>\n<meta property=\"og:url\" content=\"http:\/\/oceane-tarate.fr\/mate-stamina\/\" \/>\n<meta property=\"og:site_name\" content=\"Le mat\u00e9 Stamina\" \/>\n<meta property=\"article:modified_time\" content=\"2020-10-22T11:28:12+00:00\" \/>\n<meta property=\"og:image\" content=\"http:\/\/oceane-tarate.fr\/mate-stamina\/wp-content\/uploads\/2020\/03\/separateur-1.png\" \/>\n<meta name=\"twitter:card\" content=\"summary_large_image\" \/>\n<script type=\"application\/ld+json\" class=\"yoast-schema-graph\">{\"@context\":\"https:\/\/schema.org\",\"@graph\":[{\"@type\":\"WebSite\",\"@id\":\"http:\/\/oceane-tarate.fr\/mate-stamina\/#website\",\"url\":\"http:\/\/oceane-tarate.fr\/mate-stamina\/\",\"name\":\"Le mat\\u00e9 Stamina\",\"description\":\"D\\u00e8s le mat\\u00e9... Boostez-vous !\",\"potentialAction\":[{\"@type\":\"SearchAction\",\"target\":\"http:\/\/oceane-tarate.fr\/mate-stamina\/?s={search_term_string}\",\"query-input\":\"required name=search_term_string\"}],\"inLanguage\":\"fr-FR\"},{\"@type\":\"ImageObject\",\"@id\":\"http:\/\/oceane-tarate.fr\/mate-stamina\/#primaryimage\",\"inLanguage\":\"fr-FR\",\"url\":\"http:\/\/oceane-tarate.fr\/mate-stamina\/wp-content\/uploads\/2020\/03\/separateur-1.png\",\"width\":331,\"height\":27},{\"@type\":\"WebPage\",\"@id\":\"http:\/\/oceane-tarate.fr\/mate-stamina\/#webpage\",\"url\":\"http:\/\/oceane-tarate.fr\/mate-stamina\/\",\"name\":\"Nouveau ! Le mat\\u00e9 Stamina arrive dans les rayons de votre magasin.\",\"isPartOf\":{\"@id\":\"http:\/\/oceane-tarate.fr\/mate-stamina\/#website\"},\"primaryImageOfPage\":{\"@id\":\"http:\/\/oceane-tarate.fr\/mate-stamina\/#primaryimage\"},\"datePublished\":\"2020-03-19T15:38:50+00:00\",\"dateModified\":\"2020-10-22T11:28:12+00:00\",\"description\":\"Le mat\\u00e9 est un produit originaire d'Am\\u00e9rique du sud et notamment d'Argentine. Il provient d\\u2019une plante de la famille du houx.\",\"breadcrumb\":{\"@id\":\"http:\/\/oceane-tarate.fr\/mate-stamina\/#breadcrumb\"},\"inLanguage\":\"fr-FR\",\"potentialAction\":[{\"@type\":\"ReadAction\",\"target\":[\"http:\/\/oceane-tarate.fr\/mate-stamina\/\"]}]},{\"@type\":\"BreadcrumbList\",\"@id\":\"http:\/\/oceane-tarate.fr\/mate-stamina\/#breadcrumb\",\"itemListElement\":[{\"@type\":\"ListItem\",\"position\":1,\"item\":{\"@type\":\"WebPage\",\"@id\":\"http:\/\/oceane-tarate.fr\/mate-stamina\/\",\"url\":\"http:\/\/oceane-tarate.fr\/mate-stamina\/\",\"name\":\"Accueil\"}},{\"@type\":\"ListItem\",\"position\":2,\"item\":{\"@type\":\"WebPage\",\"@id\":\"http:\/\/oceane-tarate.fr\/mate-stamina\/\",\"url\":\"http:\/\/oceane-tarate.fr\/mate-stamina\/\",\"name\":\"Le mat\\u00e9\"}}]}]}<\/script>\n<!-- \/ Yoast SEO plugin. -->","_links":{"self":[{"href":"http:\/\/oceane-tarate.fr\/mate-stamina\/wp-json\/wp\/v2\/pages\/9"}],"collection":[{"href":"http:\/\/oceane-tarate.fr\/mate-stamina\/wp-json\/wp\/v2\/pages"}],"about":[{"href":"http:\/\/oceane-tarate.fr\/mate-stamina\/wp-json\/wp\/v2\/types\/page"}],"author":[{"embeddable":true,"href":"http:\/\/oceane-tarate.fr\/mate-stamina\/wp-json\/wp\/v2\/users\/1"}],"replies":[{"embeddable":true,"href":"http:\/\/oceane-tarate.fr\/mate-stamina\/wp-json\/wp\/v2\/comments?post=9"}],"version-history":[{"count":126,"href":"http:\/\/oceane-tarate.fr\/mate-stamina\/wp-json\/wp\/v2\/pages\/9\/revisions"}],"predecessor-version":[{"id":669,"href":"http:\/\/oceane-tarate.fr\/mate-stamina\/wp-json\/wp\/v2\/pages\/9\/revisions\/669"}],"wp:attachment":[{"href":"http:\/\/oceane-tarate.fr\/mate-stamina\/wp-json\/wp\/v2\/media?parent=9"}],"curies":[{"name":"wp","href":"https:\/\/api.w.org\/{rel}","templated":true}]}}