{"id":45,"date":"2020-04-02T16:05:04","date_gmt":"2020-04-02T14:05:04","guid":{"rendered":"http:\/\/oceane-tarate.fr\/chocolatier-gourmand\/?page_id=45"},"modified":"2020-05-31T19:24:07","modified_gmt":"2020-05-31T17:24:07","slug":"contact","status":"publish","type":"page","link":"http:\/\/oceane-tarate.fr\/chocolatier-gourmand\/contact\/","title":{"rendered":"Contact"},"content":{"rendered":"\n<div class=\"wp-block-group alignwide has-background wpf-contact\" style=\"background-color:#f9e7e3\"><div class=\"wp-block-group__inner-container\"><h3 class=\"fonts-plugin-block\" style=\"font-family: Fredericka the Great;font-weight: normal;text-align: center;color: #5c1911;\">Contactez-nous<\/h3>\n\n<p class=\"fonts-plugin-block\" style=\"font-family: Source Sans Pro;font-weight: normal;font-size: 16px;text-align: center;\">Une question \u00e0 propos d&rsquo;un produit&nbsp;? Une suggestion&nbsp;? <br>N&rsquo;h\u00e9sitez pas \u00e0 nous contacter en compl\u00e9tant le formulaire en ligne ci-dessous.<\/p>\n\n<div role=\"form\" class=\"wpcf7\" id=\"wpcf7-f5-o1\" lang=\"fr-FR\" dir=\"ltr\">\n<div class=\"screen-reader-response\"><p role=\"status\" aria-live=\"polite\" aria-atomic=\"true\"><\/p> <ul><\/ul><\/div>\n<form action=\"\/chocolatier-gourmand\/wp-json\/wp\/v2\/pages\/45#wpcf7-f5-o1\" method=\"post\" class=\"wpcf7-form init\" novalidate=\"novalidate\" data-status=\"init\">\n<div style=\"display: none;\">\n<input type=\"hidden\" name=\"_wpcf7\" value=\"5\" \/>\n<input type=\"hidden\" name=\"_wpcf7_version\" value=\"5.3\" \/>\n<input type=\"hidden\" name=\"_wpcf7_locale\" value=\"fr_FR\" \/>\n<input type=\"hidden\" name=\"_wpcf7_unit_tag\" value=\"wpcf7-f5-o1\" \/>\n<input type=\"hidden\" name=\"_wpcf7_container_post\" value=\"0\" \/>\n<input type=\"hidden\" name=\"_wpcf7_posted_data_hash\" value=\"\" \/>\n<\/div>\n<p><label> Votre nom (obligatoire)<br \/>\n    <span class=\"wpcf7-form-control-wrap your-name\"><input type=\"text\" name=\"your-name\" value=\"\" size=\"40\" class=\"wpcf7-form-control wpcf7-text wpcf7-validates-as-required\" aria-required=\"true\" aria-invalid=\"false\" \/><\/span> <\/label><\/p>\n<p><label> Votre adresse de messagerie (obligatoire)<br \/>\n    <span class=\"wpcf7-form-control-wrap your-email\"><input type=\"email\" name=\"your-email\" value=\"\" size=\"40\" class=\"wpcf7-form-control wpcf7-text wpcf7-email wpcf7-validates-as-required wpcf7-validates-as-email\" aria-required=\"true\" aria-invalid=\"false\" \/><\/span> <\/label><\/p>\n<p><label> Objet<br \/>\n    <span class=\"wpcf7-form-control-wrap your-subject\"><input type=\"text\" name=\"your-subject\" value=\"\" size=\"40\" class=\"wpcf7-form-control wpcf7-text\" aria-invalid=\"false\" \/><\/span> <\/label><\/p>\n<p><label> Votre message<br \/>\n    <span class=\"wpcf7-form-control-wrap your-message\"><textarea name=\"your-message\" cols=\"40\" rows=\"10\" class=\"wpcf7-form-control wpcf7-textarea\" aria-invalid=\"false\"><\/textarea><\/span> <\/label><\/p>\n<p><input type=\"submit\" value=\"Envoyer\" class=\"wpcf7-form-control wpcf7-submit\" \/><\/p>\n<div class=\"wpcf7-response-output\" aria-hidden=\"true\"><\/div><\/form><\/div>\n<\/div><\/div>\n","protected":false},"excerpt":{"rendered":"","protected":false},"author":1,"featured_media":0,"parent":0,"menu_order":0,"comment_status":"closed","ping_status":"closed","template":"","meta":[],"uagb_featured_image_src":{"full":false,"thumbnail":false,"medium":false,"medium_large":false,"large":false,"1536x1536":false,"2048x2048":false,"post-thumbnail":false,"twentytwenty-fullscreen":false},"uagb_author_info":{"display_name":"oceane","author_link":"http:\/\/oceane-tarate.fr\/chocolatier-gourmand\/author\/oceane\/"},"uagb_comment_info":0,"uagb_excerpt":null,"yoast_head":"<!-- This site is optimized with the Yoast SEO plugin v15.1.1 - https:\/\/yoast.com\/wordpress\/plugins\/seo\/ -->\n<title>Contact - Le Chocolatier Gourmand<\/title>\n<meta name=\"robots\" content=\"index, follow, max-snippet:-1, max-image-preview:large, max-video-preview:-1\" \/>\n<link rel=\"canonical\" href=\"http:\/\/oceane-tarate.fr\/chocolatier-gourmand\/contact\/\" \/>\n<meta property=\"og:locale\" content=\"fr_FR\" \/>\n<meta property=\"og:type\" content=\"article\" \/>\n<meta property=\"og:title\" content=\"Contact - Le Chocolatier Gourmand\" \/>\n<meta property=\"og:url\" content=\"http:\/\/oceane-tarate.fr\/chocolatier-gourmand\/contact\/\" \/>\n<meta property=\"og:site_name\" content=\"Le Chocolatier Gourmand\" \/>\n<meta property=\"article:modified_time\" content=\"2020-05-31T17:24:07+00:00\" \/>\n<meta name=\"twitter:card\" content=\"summary_large_image\" \/>\n<script type=\"application\/ld+json\" class=\"yoast-schema-graph\">{\"@context\":\"https:\/\/schema.org\",\"@graph\":[{\"@type\":\"WebSite\",\"@id\":\"http:\/\/oceane-tarate.fr\/chocolatier-gourmand\/#website\",\"url\":\"http:\/\/oceane-tarate.fr\/chocolatier-gourmand\/\",\"name\":\"Le Chocolatier Gourmand\",\"description\":\"\",\"potentialAction\":[{\"@type\":\"SearchAction\",\"target\":\"http:\/\/oceane-tarate.fr\/chocolatier-gourmand\/?s={search_term_string}\",\"query-input\":\"required name=search_term_string\"}],\"inLanguage\":\"fr-FR\"},{\"@type\":\"WebPage\",\"@id\":\"http:\/\/oceane-tarate.fr\/chocolatier-gourmand\/contact\/#webpage\",\"url\":\"http:\/\/oceane-tarate.fr\/chocolatier-gourmand\/contact\/\",\"name\":\"Contact - Le Chocolatier Gourmand\",\"isPartOf\":{\"@id\":\"http:\/\/oceane-tarate.fr\/chocolatier-gourmand\/#website\"},\"datePublished\":\"2020-04-02T14:05:04+00:00\",\"dateModified\":\"2020-05-31T17:24:07+00:00\",\"inLanguage\":\"fr-FR\",\"potentialAction\":[{\"@type\":\"ReadAction\",\"target\":[\"http:\/\/oceane-tarate.fr\/chocolatier-gourmand\/contact\/\"]}]}]}<\/script>\n<!-- \/ Yoast SEO plugin. -->","_links":{"self":[{"href":"http:\/\/oceane-tarate.fr\/chocolatier-gourmand\/wp-json\/wp\/v2\/pages\/45"}],"collection":[{"href":"http:\/\/oceane-tarate.fr\/chocolatier-gourmand\/wp-json\/wp\/v2\/pages"}],"about":[{"href":"http:\/\/oceane-tarate.fr\/chocolatier-gourmand\/wp-json\/wp\/v2\/types\/page"}],"author":[{"embeddable":true,"href":"http:\/\/oceane-tarate.fr\/chocolatier-gourmand\/wp-json\/wp\/v2\/users\/1"}],"replies":[{"embeddable":true,"href":"http:\/\/oceane-tarate.fr\/chocolatier-gourmand\/wp-json\/wp\/v2\/comments?post=45"}],"version-history":[{"count":10,"href":"http:\/\/oceane-tarate.fr\/chocolatier-gourmand\/wp-json\/wp\/v2\/pages\/45\/revisions"}],"predecessor-version":[{"id":1205,"href":"http:\/\/oceane-tarate.fr\/chocolatier-gourmand\/wp-json\/wp\/v2\/pages\/45\/revisions\/1205"}],"wp:attachment":[{"href":"http:\/\/oceane-tarate.fr\/chocolatier-gourmand\/wp-json\/wp\/v2\/media?parent=45"}],"curies":[{"name":"wp","href":"https:\/\/api.w.org\/{rel}","templated":true}]}}