{"id":232,"date":"2020-04-04T10:48:14","date_gmt":"2020-04-04T08:48:14","guid":{"rendered":"http:\/\/oceane-tarate.fr\/chocolatier-gourmand\/?page_id=232"},"modified":"2020-10-21T19:29:17","modified_gmt":"2020-10-21T17:29:17","slug":"lhistoire-du-chocolat","status":"publish","type":"page","link":"http:\/\/oceane-tarate.fr\/chocolatier-gourmand\/lhistoire-du-chocolat\/","title":{"rendered":"L&rsquo;histoire du chocolat"},"content":{"rendered":"\n<div class=\"wp-block-group alignwide wpf-histoire\"><div class=\"wp-block-group__inner-container\"><h2 class=\"fonts-plugin-block\" style=\"font-family: Fredericka the Great;font-weight: normal;text-align: center;color: #5c1911;\">L&rsquo;histoire du chocolat<\/h2>\n\n<p class=\"fonts-plugin-block\" style=\"font-family: Source Sans Pro;font-weight: normal;font-size: 16px;\">Les Espagnols d\u00e9couvrir le chocolat en 1519 quand Hern\u00e1n Cort\u00e9s, d\u00e9barquant au Mexique, se vit offrir en cadeau de bienvenue la boisson locale pr\u00e9f\u00e9r\u00e9e&nbsp;: le \u00ab\u00a0Tchocoatl\u00a0\u00bb.<\/p>\n\n<p class=\"fonts-plugin-block\" style=\"font-family: Source Sans Pro;font-weight: normal;font-size: 16px;\">Le chocolat \u00e9tait consomm\u00e9 par les Azt\u00e8ques sous forme d&rsquo;un breuvage rituel piment\u00e9, \u00e9labor\u00e9 \u00e0 partir de p\u00e2te de cacao r\u00e2p\u00e9e, m\u00e9lang\u00e9e \u00e0 de l&rsquo;eau, parfum\u00e9e \u00e0 la vanille, agr\u00e9ment\u00e9e de diverses autres \u00e9pices et \u00e9paissie avec de la farine de ma\u00efs.<\/p>\n\n<p class=\"fonts-plugin-block\" style=\"font-family: Source Sans Pro;font-weight: normal;font-size: 16px;\">Le cacao \u00e9tait d\u00e9j\u00e0 cultiv\u00e9 par les Olm\u00e8ques et les Mayas qui en utilisaient les f\u00e8ves comme monnaie d&rsquo;\u00e9change ainsi que pour le paiement de l&rsquo;imp\u00f4t&nbsp;! Les Espagnols eurent l&rsquo;id\u00e9e d&rsquo;incorporer du sucre de canne au cacao, dont ils d\u00e9velopp\u00e8rent rapidement la culture dans les r\u00e9gions tropicales d&rsquo;Am\u00e9rique Centrale et du Sud, et dans les Cara\u00efbes.<\/p>\n\n\n<blockquote class=\"wp-block-quote\"><p>Le cacao \u00e9tait d\u00e9j\u00e0 cultiv\u00e9 par les Olm\u00e8ques et les Mayas qui en utilisaient les f\u00e8ves comme monnaie d&rsquo;\u00e9change ainsi que pour le paiement de l&rsquo;imp\u00f4t&nbsp;!<\/p><\/blockquote>\n\n\n<p class=\"fonts-plugin-block\" style=\"font-family: Source Sans Pro;font-weight: normal;font-size: 16px;\">Les premi\u00e8res f\u00e8ves de cacao furent ramen\u00e9es en Espagne d\u00e8s le retour d&rsquo;Hern\u00e1n Cort\u00e9s dans la P\u00e9ninsule en 1528, mais des arrivages r\u00e9guliers en provenance du Mexique ne commenc\u00e8rent \u00e0 \u00eatre d\u00e9barqu\u00e9s \u00e0 S\u00e9ville qu&rsquo;\u00e0 la fin du XVIe si\u00e8cle et ce ne fut v\u00e9ritablement qu&rsquo;au d\u00e9but du XVIIe si\u00e8cle que le chocolat devint peu \u00e0 peu une \u00ab&nbsp;passion obsessionnelle&nbsp;\u00bb de la vie quotidienne espagnole.<\/p>\n\n<p class=\"fonts-plugin-block\" style=\"font-family: Source Sans Pro;font-weight: normal;font-size: 16px;\">L&rsquo;Espagne garda jalousement le monopole de l&rsquo;importation du cacao en Europe et le secret de la fabrication du chocolat. Mais, d\u00e8s le milieu du XVIIe si\u00e8cle, les Hollandais, puis les Anglais et les Fran\u00e7ais se mirent aussi \u00e0 importer des f\u00e8ves de cacao.<\/p>\n\n<p class=\"fonts-plugin-block\" style=\"font-family: Source Sans Pro;font-weight: normal;font-size: 16px;\">Selon toute vraisemblance, ce fut le mariage, c\u00e9l\u00e9br\u00e9 en 1615, de l&rsquo;infante Anne d&rsquo;Autriche, fille de Philippe III d&rsquo;Espagne, et de Louis XIII qui contribua \u00e0 l&rsquo;introduction du chocolat \u00e0 la Cour de France. Mais sa consommation ne commen\u00e7a vraiment \u00e0 se r\u00e9pandre qu&rsquo;apr\u00e8s le mariage de Marie-Th\u00e9r\u00e8se d&rsquo;Autriche et de Louis XIV, en 1660. Les premiers ateliers de traitement du cacao furent fond\u00e9s au cours du XVIIe si\u00e8cle \u00e0 Bayonne, ainsi que dans plusieurs villes du Sud-Ouest de la France, par des membres de la communaut\u00e9 juive marrane, chass\u00e9s d&rsquo;Espagne et du Portugal.<\/p><\/div><\/div>\n\n\n\n<div class=\"wp-block-media-text alignwide is-stacked-on-mobile is-vertically-aligned-top\"><figure class=\"wp-block-media-text__media\"><a href=\"https:\/\/fr.wikipedia.org\/wiki\/Cacaoyer\" target=\"_blank\" rel=\"noopener noreferrer\"><img loading=\"lazy\" width=\"1024\" height=\"681\" src=\"http:\/\/oceane-tarate.fr\/chocolatier-gourmand\/wp-content\/uploads\/2020\/05\/cacao-1024x681.jpg\" alt=\"Producteur de cacao\" class=\"wp-image-759\" srcset=\"http:\/\/oceane-tarate.fr\/chocolatier-gourmand\/wp-content\/uploads\/2020\/05\/cacao-1024x681.jpg 1024w, http:\/\/oceane-tarate.fr\/chocolatier-gourmand\/wp-content\/uploads\/2020\/05\/cacao-300x199.jpg 300w, http:\/\/oceane-tarate.fr\/chocolatier-gourmand\/wp-content\/uploads\/2020\/05\/cacao-768x510.jpg 768w, http:\/\/oceane-tarate.fr\/chocolatier-gourmand\/wp-content\/uploads\/2020\/05\/cacao.jpg 1106w\" sizes=\"(max-width: 1024px) 100vw, 1024px\" \/><\/a><\/figure><div class=\"wp-block-media-text__content\">\n<div class=\"wp-block-group\"><div class=\"wp-block-group__inner-container\">\n<p style=\"font-size:16px\">Populaire en Espagne, le cacao demeura tr\u00e8s longtemps en France \u00e0 l&rsquo;usage exclusif de la Cour et de l&rsquo;aristocratie. C&rsquo;est peut-\u00eatre la raison pour laquelle le chocolat fran\u00e7ais est rest\u00e9 un produit noble, \u00e0 grande teneur en cacao, ce qui en fait son prix mais aussi sa qualit\u00e9.<br><br>Ce n&rsquo;est qu&rsquo;au d\u00e9but du XIXe si\u00e8cle, avec le d\u00e9veloppement des techniques de fabrication et, en particulier, la baisse du prix du sucre, que le chocolat put conna\u00eetre un grand d\u00e9veloppement industriel, ses qualit\u00e9s gustatives et ses vertus en faisant une friandise et une boisson tr\u00e8s appr\u00e9ci\u00e9es.<br><br>C&rsquo;est \u00e9galement \u00e0 cette \u00e9poque que le cacaoyer fut introduit en Afrique par les Portugais et dans le Sud-Est Asiatique par les Hollandais.<\/p>\n\n\n\n<h4 class=\"has-text-align-right\"><a href=\"https:\/\/www.librairiesindependantes.com\/product\/9782843211058\/\" target=\"_blank\" rel=\"noreferrer noopener\">Nikita Harwich<\/a><\/h4>\n<\/div><\/div>\n<\/div><\/div>\n\n\n\n<p><\/p>\n","protected":false},"excerpt":{"rendered":"","protected":false},"author":1,"featured_media":0,"parent":0,"menu_order":0,"comment_status":"closed","ping_status":"closed","template":"","meta":[],"uagb_featured_image_src":{"full":false,"thumbnail":false,"medium":false,"medium_large":false,"large":false,"1536x1536":false,"2048x2048":false,"post-thumbnail":false,"twentytwenty-fullscreen":false},"uagb_author_info":{"display_name":"oceane","author_link":"http:\/\/oceane-tarate.fr\/chocolatier-gourmand\/author\/oceane\/"},"uagb_comment_info":0,"uagb_excerpt":null,"yoast_head":"<!-- This site is optimized with the Yoast SEO plugin v15.1.1 - https:\/\/yoast.com\/wordpress\/plugins\/seo\/ -->\n<title>L&#039;histoire du chocolat - Le Chocolatier Gourmand L&#039;origine du chocolat<\/title>\n<meta name=\"description\" content=\"Le chocolat \u00e9tait consomm\u00e9 par les Azt\u00e8ques, sous forme d&#039;un breuvage rituel piment\u00e9, \u00e9labor\u00e9 \u00e0 partir de p\u00e2te de cacao r\u00e2p\u00e9e.\" \/>\n<meta name=\"robots\" content=\"index, follow, max-snippet:-1, max-image-preview:large, max-video-preview:-1\" \/>\n<link rel=\"canonical\" href=\"http:\/\/oceane-tarate.fr\/chocolatier-gourmand\/lhistoire-du-chocolat\/\" \/>\n<meta property=\"og:locale\" content=\"fr_FR\" \/>\n<meta property=\"og:type\" content=\"article\" \/>\n<meta property=\"og:title\" content=\"L&#039;histoire du chocolat - Le Chocolatier Gourmand L&#039;origine du chocolat\" \/>\n<meta property=\"og:description\" content=\"Le chocolat \u00e9tait consomm\u00e9 par les Azt\u00e8ques, sous forme d&#039;un breuvage rituel piment\u00e9, \u00e9labor\u00e9 \u00e0 partir de p\u00e2te de cacao r\u00e2p\u00e9e.\" \/>\n<meta property=\"og:url\" content=\"http:\/\/oceane-tarate.fr\/chocolatier-gourmand\/lhistoire-du-chocolat\/\" \/>\n<meta property=\"og:site_name\" content=\"Le Chocolatier Gourmand\" \/>\n<meta property=\"article:modified_time\" content=\"2020-10-21T17:29:17+00:00\" \/>\n<meta property=\"og:image\" content=\"http:\/\/oceane-tarate.fr\/chocolatier-gourmand\/wp-content\/uploads\/2020\/05\/cacao-1024x681.jpg\" \/>\n<meta name=\"twitter:card\" content=\"summary_large_image\" \/>\n<script type=\"application\/ld+json\" class=\"yoast-schema-graph\">{\"@context\":\"https:\/\/schema.org\",\"@graph\":[{\"@type\":\"WebSite\",\"@id\":\"http:\/\/oceane-tarate.fr\/chocolatier-gourmand\/#website\",\"url\":\"http:\/\/oceane-tarate.fr\/chocolatier-gourmand\/\",\"name\":\"Le Chocolatier Gourmand\",\"description\":\"\",\"potentialAction\":[{\"@type\":\"SearchAction\",\"target\":\"http:\/\/oceane-tarate.fr\/chocolatier-gourmand\/?s={search_term_string}\",\"query-input\":\"required name=search_term_string\"}],\"inLanguage\":\"fr-FR\"},{\"@type\":\"ImageObject\",\"@id\":\"http:\/\/oceane-tarate.fr\/chocolatier-gourmand\/lhistoire-du-chocolat\/#primaryimage\",\"inLanguage\":\"fr-FR\",\"url\":\"http:\/\/oceane-tarate.fr\/chocolatier-gourmand\/wp-content\/uploads\/2020\/05\/cacao.jpg\",\"width\":1106,\"height\":735,\"caption\":\"Producteur de cacao\"},{\"@type\":\"WebPage\",\"@id\":\"http:\/\/oceane-tarate.fr\/chocolatier-gourmand\/lhistoire-du-chocolat\/#webpage\",\"url\":\"http:\/\/oceane-tarate.fr\/chocolatier-gourmand\/lhistoire-du-chocolat\/\",\"name\":\"L'histoire du chocolat - Le Chocolatier Gourmand L'origine du chocolat\",\"isPartOf\":{\"@id\":\"http:\/\/oceane-tarate.fr\/chocolatier-gourmand\/#website\"},\"primaryImageOfPage\":{\"@id\":\"http:\/\/oceane-tarate.fr\/chocolatier-gourmand\/lhistoire-du-chocolat\/#primaryimage\"},\"datePublished\":\"2020-04-04T08:48:14+00:00\",\"dateModified\":\"2020-10-21T17:29:17+00:00\",\"description\":\"Le chocolat \\u00e9tait consomm\\u00e9 par les Azt\\u00e8ques, sous forme d'un breuvage rituel piment\\u00e9, \\u00e9labor\\u00e9 \\u00e0 partir de p\\u00e2te de cacao r\\u00e2p\\u00e9e.\",\"inLanguage\":\"fr-FR\",\"potentialAction\":[{\"@type\":\"ReadAction\",\"target\":[\"http:\/\/oceane-tarate.fr\/chocolatier-gourmand\/lhistoire-du-chocolat\/\"]}]}]}<\/script>\n<!-- \/ Yoast SEO plugin. -->","_links":{"self":[{"href":"http:\/\/oceane-tarate.fr\/chocolatier-gourmand\/wp-json\/wp\/v2\/pages\/232"}],"collection":[{"href":"http:\/\/oceane-tarate.fr\/chocolatier-gourmand\/wp-json\/wp\/v2\/pages"}],"about":[{"href":"http:\/\/oceane-tarate.fr\/chocolatier-gourmand\/wp-json\/wp\/v2\/types\/page"}],"author":[{"embeddable":true,"href":"http:\/\/oceane-tarate.fr\/chocolatier-gourmand\/wp-json\/wp\/v2\/users\/1"}],"replies":[{"embeddable":true,"href":"http:\/\/oceane-tarate.fr\/chocolatier-gourmand\/wp-json\/wp\/v2\/comments?post=232"}],"version-history":[{"count":41,"href":"http:\/\/oceane-tarate.fr\/chocolatier-gourmand\/wp-json\/wp\/v2\/pages\/232\/revisions"}],"predecessor-version":[{"id":1287,"href":"http:\/\/oceane-tarate.fr\/chocolatier-gourmand\/wp-json\/wp\/v2\/pages\/232\/revisions\/1287"}],"wp:attachment":[{"href":"http:\/\/oceane-tarate.fr\/chocolatier-gourmand\/wp-json\/wp\/v2\/media?parent=232"}],"curies":[{"name":"wp","href":"https:\/\/api.w.org\/{rel}","templated":true}]}}