{"id":23,"date":"2020-04-02T15:35:48","date_gmt":"2020-04-02T13:35:48","guid":{"rendered":"http:\/\/oceane-tarate.fr\/chocolatier-gourmand\/?page_id=23"},"modified":"2020-10-21T19:10:54","modified_gmt":"2020-10-21T17:10:54","slug":"accueil-chocolatier-gourmand","status":"publish","type":"page","link":"http:\/\/oceane-tarate.fr\/chocolatier-gourmand\/","title":{"rendered":"Accueil"},"content":{"rendered":"\n<div class=\"wp-block-cover alignfull has-background-dim\" style=\"background-image:url(http:\/\/oceane-tarate.fr\/chocolatier-gourmand\/wp-content\/uploads\/2020\/04\/bandeau.jpg);background-position:51% 46%\"><div class=\"wp-block-cover__inner-container\">\n<p id=\"specialites-chocolaterie-gourmand\"><\/p>\n\n\n\n<div class=\"wp-block-image\"><figure class=\"aligncenter size-large is-resized\"><a href=\"#specialites-chocolaterie-gourmand\"><img loading=\"lazy\" src=\"http:\/\/oceane-tarate.fr\/chocolatier-gourmand\/wp-content\/uploads\/2020\/06\/fleche.png\" alt=\"\" class=\"wp-image-1226\" width=\"46\" height=\"46\"\/><\/a><\/figure><\/div>\n<\/div><\/div>\n\n\n\n<div class=\"wp-block-group wpf-specialites\"><div class=\"wp-block-group__inner-container\"><h2 class=\"fonts-plugin-block\" style=\"font-family: Fredericka the Great;font-weight: normal;text-align: center;color: #ac4430;\">Les sp\u00e9cialit\u00e9s de la chocolaterie Gourmand<\/h2><\/div><\/div>\n\n\n\n<div class=\"wp-block-columns alignwide wpf-truffes\">\n<div class=\"wp-block-column\">\n<figure class=\"wp-block-image alignwide size-full\"><img loading=\"lazy\" width=\"553\" height=\"369\" src=\"http:\/\/oceane-tarate.fr\/chocolatier-gourmand\/wp-content\/uploads\/2020\/04\/truffes.jpg\" alt=\"assortiment de 4 truffes\" class=\"wp-image-156\" srcset=\"http:\/\/oceane-tarate.fr\/chocolatier-gourmand\/wp-content\/uploads\/2020\/04\/truffes.jpg 553w, http:\/\/oceane-tarate.fr\/chocolatier-gourmand\/wp-content\/uploads\/2020\/04\/truffes-300x200.jpg 300w\" sizes=\"(max-width: 553px) 100vw, 553px\" \/><\/figure>\n<\/div>\n\n\n\n<div class=\"wp-block-column is-vertically-aligned-center\">\n<div class=\"wp-block-group\"><div class=\"wp-block-group__inner-container\"><h3 class=\"fonts-plugin-block\" style=\"font-family: Fredericka the Great;font-weight: normal;color: #5c1911;\">Les truffes<\/h3>\n\n<h4 class=\"fonts-plugin-block\" style=\"font-family: Source Sans Pro;font-weight: normal;color: #ac4430;\">Coffret garni d&rsquo;un assortiment de 4 truffes<br>aux ganaches sign\u00e9es Jean-Fran\u00e7ois Gourmand <\/h4>\n\n\n<ul><li>Truffe nature noire&nbsp;: ronde, puissante et sans amertume.<\/li><li>Truffe framboise&nbsp;: ganache chocolat noir \u00e0 la pulpe de framboises fra\u00eeches.<\/li><li>Truffe orange&nbsp;: ganache chocolat noir \u00e0 l&rsquo;orange am\u00e8re et soup\u00e7on de zeste frais.<\/li><li>Truffe caramel toffee&nbsp;: ganache chocolat lait, infusion de vanille Bourbon et pointe de sel.<\/li><\/ul>\n<\/div><\/div>\n<\/div>\n<\/div>\n\n\n\n<div class=\"wp-block-columns alignwide are-vertically-aligned-center wpf-noir-lait\">\n<div class=\"wp-block-column is-vertically-aligned-center\">\n<div class=\"wp-block-group\"><div class=\"wp-block-group__inner-container\"><h3 class=\"fonts-plugin-block\" style=\"font-family: Fredericka the Great;font-weight: normal;text-align: right;color: #5c1911;\">Le coffret<br>chocolats noir et lait<\/h3>\n\n<h4 class=\"fonts-plugin-block\" style=\"font-family: Source Sans Pro;font-weight: normal;text-align: right;color: #ac4430;\">Coffret embl\u00e9matique de Jean-Fran\u00e7ois Gourmand<\/h4>\n\n<p class=\"fonts-plugin-block\" style=\"font-family: Source Sans Pro;font-weight: normal;font-size: 16px;text-align: right;\">Cet \u00e9crin aux lignes \u00e9l\u00e9gantes renferme un assortiment des meilleurs ganaches, pralin\u00e9s et p\u00e2te d&rsquo;amande, natures et parfum\u00e9s.<\/p>\n\n\n<p class=\"has-text-align-right\" style=\"font-size:16px\">Un cadeau id\u00e9al pour d\u00e9couvrir ou<br>faire d\u00e9couvrir les cr\u00e9ations de Jean-Fran\u00e7ois Gourmand.<\/p>\n<\/div><\/div>\n<\/div>\n\n\n\n<div class=\"wp-block-column is-vertically-aligned-center\">\n<figure class=\"wp-block-image alignwide size-full\"><img loading=\"lazy\" width=\"553\" height=\"369\" src=\"http:\/\/oceane-tarate.fr\/chocolatier-gourmand\/wp-content\/uploads\/2020\/04\/pralines.jpg\" alt=\"Coffret chocolats noir et lait\" class=\"wp-image-155\" srcset=\"http:\/\/oceane-tarate.fr\/chocolatier-gourmand\/wp-content\/uploads\/2020\/04\/pralines.jpg 553w, http:\/\/oceane-tarate.fr\/chocolatier-gourmand\/wp-content\/uploads\/2020\/04\/pralines-300x200.jpg 300w\" sizes=\"(max-width: 553px) 100vw, 553px\" \/><\/figure>\n<\/div>\n<\/div>\n\n\n\n<div class=\"wp-block-columns alignwide are-vertically-aligned-center wpf-ganache\">\n<div class=\"wp-block-column is-vertically-aligned-center\">\n<figure class=\"wp-block-image size-full\"><img loading=\"lazy\" width=\"553\" height=\"369\" src=\"http:\/\/oceane-tarate.fr\/chocolatier-gourmand\/wp-content\/uploads\/2020\/04\/ganaches.jpg\" alt=\"coffret ganache\" class=\"wp-image-154\" srcset=\"http:\/\/oceane-tarate.fr\/chocolatier-gourmand\/wp-content\/uploads\/2020\/04\/ganaches.jpg 553w, http:\/\/oceane-tarate.fr\/chocolatier-gourmand\/wp-content\/uploads\/2020\/04\/ganaches-300x200.jpg 300w\" sizes=\"(max-width: 553px) 100vw, 553px\" \/><\/figure>\n<\/div>\n\n\n\n<div class=\"wp-block-column is-vertically-aligned-center wpf-coffret-ganache\">\n<div class=\"wp-block-group\"><div class=\"wp-block-group__inner-container\"><h3 class=\"fonts-plugin-block\" style=\"font-family: Fredericka the Great;font-weight: normal;color: #5c1911;\">Les coffrets ganache<\/h3>\n\n<h4 class=\"fonts-plugin-block\" style=\"font-family: Source Sans Pro;font-weight: normal;color: #ac4430;\">Destin\u00e9s aux amateurs de pralin\u00e9, ces coffrets vous offrent un assortiment de saveurs autour du m\u00e9lange amande et noisette<\/h4>\n\n\n<ul><li>Coffret 16 pralin\u00e9s garni de 6 saveurs&nbsp;: Figaro noir, Figaro lait, Traviata, Pistachio, Carya, Palmira.<\/li><li>Coffret 36 pralin\u00e9s garni de 10 saveurs&nbsp;: Anastasia, Figaro noir, Traviata, Grain Dentelle, Figaro lait, Cariaco, Pistachio, Carya, Palmira, Oriza.<\/li><\/ul>\n<\/div><\/div>\n<\/div>\n<\/div>\n\n\n\n<div class=\"wp-block-columns alignwide are-vertically-aligned-center wpf-newsletter\">\n<div class=\"wp-block-column is-vertically-aligned-center\">\n<p class=\"has-text-align-center has-text-color\" style=\"font-size:20px;color:#5c1911\">Inscrivez-vous \u00e0 notre Newsletter pour recevoir toutes les informations concernant nos nouveaut\u00e9s, nos \u00e9v\u00e9nements, nos offres sp\u00e9ciales\u2026<\/p>\n<\/div>\n\n\n\n<div class=\"wp-block-column is-vertically-aligned-center wpf-inscription\">\t\t\t\t<div class = \"wp-block-uagb-cf7-styler uagb-cf7-styler__outer-wrap uagb-block-b1b94a28 wpf-inscrire\">\n\t\t\t\t\t<div class = \"uagb-cf7-styler__align-left uagb-cf7-styler__field-style-box uagb-cf7-styler__btn-align-justify uagb-cf7-styler__highlight-style-default uagb-cf7-styler__check-style-enabled\">\n\t\t\t\t\t<div role=\"form\" class=\"wpcf7\" id=\"wpcf7-f1157-o1\" lang=\"fr-FR\" dir=\"ltr\">\n<div class=\"screen-reader-response\"><p role=\"status\" aria-live=\"polite\" aria-atomic=\"true\"><\/p> <ul><\/ul><\/div>\n<form action=\"\/chocolatier-gourmand\/wp-json\/wp\/v2\/pages\/23#wpcf7-f1157-o1\" method=\"post\" class=\"wpcf7-form init\" novalidate=\"novalidate\" data-status=\"init\">\n<div style=\"display: none;\">\n<input type=\"hidden\" name=\"_wpcf7\" value=\"1157\" \/>\n<input type=\"hidden\" name=\"_wpcf7_version\" value=\"5.3\" \/>\n<input type=\"hidden\" name=\"_wpcf7_locale\" value=\"fr_FR\" \/>\n<input type=\"hidden\" name=\"_wpcf7_unit_tag\" value=\"wpcf7-f1157-o1\" \/>\n<input type=\"hidden\" name=\"_wpcf7_container_post\" value=\"0\" \/>\n<input type=\"hidden\" name=\"_wpcf7_posted_data_hash\" value=\"\" \/>\n<\/div>\n<p><span class=\"wpcf7-form-control-wrap email-320\"><input type=\"email\" name=\"email-320\" value=\"\" size=\"40\" class=\"wpcf7-form-control wpcf7-text wpcf7-email wpcf7-validates-as-required wpcf7-validates-as-email\" aria-required=\"true\" aria-invalid=\"false\" placeholder=\"Votre email\" \/><\/span><input type=\"submit\" value=\"S&#039;inscrire\" class=\"wpcf7-form-control wpcf7-submit\" \/><\/p>\n<div class=\"wpcf7-response-output\" aria-hidden=\"true\"><\/div><\/form><\/div>\t\t\t\t\t<\/div>\n\t\t\t\t<\/div>\n\t\t\t\t<\/div>\n<\/div>\n","protected":false},"excerpt":{"rendered":"<p>Inscrivez-vous \u00e0 notre Newsletter pour recevoir toutes les informations concernant nos nouveaut\u00e9s, nos \u00e9v\u00e9nements, nos offres sp\u00e9ciales\u2026<\/p>\n","protected":false},"author":1,"featured_media":0,"parent":0,"menu_order":0,"comment_status":"closed","ping_status":"closed","template":"","meta":[],"uagb_featured_image_src":{"full":false,"thumbnail":false,"medium":false,"medium_large":false,"large":false,"1536x1536":false,"2048x2048":false,"post-thumbnail":false,"twentytwenty-fullscreen":false},"uagb_author_info":{"display_name":"oceane","author_link":"http:\/\/oceane-tarate.fr\/chocolatier-gourmand\/author\/oceane\/"},"uagb_comment_info":0,"uagb_excerpt":"Inscrivez-vous \u00e0 notre Newsletter pour recevoir toutes les informations concernant nos nouveaut\u00e9s, nos \u00e9v\u00e9nements, nos offres sp\u00e9ciales\u2026","yoast_head":"<!-- This site is optimized with the Yoast SEO plugin v15.1.1 - https:\/\/yoast.com\/wordpress\/plugins\/seo\/ -->\n<title>Le Chocolatier Gourmand Accueil - Le Chocolatier Gourmand<\/title>\n<meta name=\"description\" content=\"D\u00e9couvrez le talentueux chocolatier Jean-Fran\u00e7ois Gourmand et ses d\u00e9licieux chocolats : des truffes, des ganaches, des pralin\u00e9s...\" \/>\n<meta name=\"robots\" content=\"index, follow, max-snippet:-1, max-image-preview:large, max-video-preview:-1\" \/>\n<link rel=\"canonical\" href=\"http:\/\/oceane-tarate.fr\/chocolatier-gourmand\/\" \/>\n<meta property=\"og:locale\" content=\"fr_FR\" \/>\n<meta property=\"og:type\" content=\"article\" \/>\n<meta property=\"og:title\" content=\"Le Chocolatier Gourmand Accueil - Le Chocolatier Gourmand\" \/>\n<meta property=\"og:description\" content=\"D\u00e9couvrez le talentueux chocolatier Jean-Fran\u00e7ois Gourmand et ses d\u00e9licieux chocolats : des truffes, des ganaches, des pralin\u00e9s...\" \/>\n<meta property=\"og:url\" content=\"http:\/\/oceane-tarate.fr\/chocolatier-gourmand\/\" \/>\n<meta property=\"og:site_name\" content=\"Le Chocolatier Gourmand\" \/>\n<meta property=\"article:modified_time\" content=\"2020-10-21T17:10:54+00:00\" \/>\n<meta property=\"og:image\" content=\"http:\/\/oceane-tarate.fr\/chocolatier-gourmand\/wp-content\/uploads\/2020\/06\/fleche.png\" \/>\n<meta name=\"twitter:card\" content=\"summary_large_image\" \/>\n<script type=\"application\/ld+json\" class=\"yoast-schema-graph\">{\"@context\":\"https:\/\/schema.org\",\"@graph\":[{\"@type\":\"WebSite\",\"@id\":\"http:\/\/oceane-tarate.fr\/chocolatier-gourmand\/#website\",\"url\":\"http:\/\/oceane-tarate.fr\/chocolatier-gourmand\/\",\"name\":\"Le Chocolatier Gourmand\",\"description\":\"\",\"potentialAction\":[{\"@type\":\"SearchAction\",\"target\":\"http:\/\/oceane-tarate.fr\/chocolatier-gourmand\/?s={search_term_string}\",\"query-input\":\"required name=search_term_string\"}],\"inLanguage\":\"fr-FR\"},{\"@type\":\"ImageObject\",\"@id\":\"http:\/\/oceane-tarate.fr\/chocolatier-gourmand\/#primaryimage\",\"inLanguage\":\"fr-FR\",\"url\":\"http:\/\/oceane-tarate.fr\/chocolatier-gourmand\/wp-content\/uploads\/2020\/06\/fleche.png\",\"width\":46,\"height\":46},{\"@type\":\"WebPage\",\"@id\":\"http:\/\/oceane-tarate.fr\/chocolatier-gourmand\/#webpage\",\"url\":\"http:\/\/oceane-tarate.fr\/chocolatier-gourmand\/\",\"name\":\"Le Chocolatier Gourmand Accueil - Le Chocolatier Gourmand\",\"isPartOf\":{\"@id\":\"http:\/\/oceane-tarate.fr\/chocolatier-gourmand\/#website\"},\"primaryImageOfPage\":{\"@id\":\"http:\/\/oceane-tarate.fr\/chocolatier-gourmand\/#primaryimage\"},\"datePublished\":\"2020-04-02T13:35:48+00:00\",\"dateModified\":\"2020-10-21T17:10:54+00:00\",\"description\":\"D\\u00e9couvrez le talentueux chocolatier Jean-Fran\\u00e7ois Gourmand et ses d\\u00e9licieux chocolats : des truffes, des ganaches, des pralin\\u00e9s...\",\"inLanguage\":\"fr-FR\",\"potentialAction\":[{\"@type\":\"ReadAction\",\"target\":[\"http:\/\/oceane-tarate.fr\/chocolatier-gourmand\/\"]}]}]}<\/script>\n<!-- \/ Yoast SEO plugin. -->","_links":{"self":[{"href":"http:\/\/oceane-tarate.fr\/chocolatier-gourmand\/wp-json\/wp\/v2\/pages\/23"}],"collection":[{"href":"http:\/\/oceane-tarate.fr\/chocolatier-gourmand\/wp-json\/wp\/v2\/pages"}],"about":[{"href":"http:\/\/oceane-tarate.fr\/chocolatier-gourmand\/wp-json\/wp\/v2\/types\/page"}],"author":[{"embeddable":true,"href":"http:\/\/oceane-tarate.fr\/chocolatier-gourmand\/wp-json\/wp\/v2\/users\/1"}],"replies":[{"embeddable":true,"href":"http:\/\/oceane-tarate.fr\/chocolatier-gourmand\/wp-json\/wp\/v2\/comments?post=23"}],"version-history":[{"count":120,"href":"http:\/\/oceane-tarate.fr\/chocolatier-gourmand\/wp-json\/wp\/v2\/pages\/23\/revisions"}],"predecessor-version":[{"id":1277,"href":"http:\/\/oceane-tarate.fr\/chocolatier-gourmand\/wp-json\/wp\/v2\/pages\/23\/revisions\/1277"}],"wp:attachment":[{"href":"http:\/\/oceane-tarate.fr\/chocolatier-gourmand\/wp-json\/wp\/v2\/media?parent=23"}],"curies":[{"name":"wp","href":"https:\/\/api.w.org\/{rel}","templated":true}]}}